{"id":303,"date":"2023-07-26T16:58:22","date_gmt":"2023-07-26T14:58:22","guid":{"rendered":"https:\/\/new.jakadofsky.com\/presse\/"},"modified":"2023-07-26T18:49:46","modified_gmt":"2023-07-26T16:49:46","slug":"presse","status":"publish","type":"page","link":"https:\/\/jakadofsky.com\/en\/presse\/","title":{"rendered":"Press"},"content":{"rendered":"<div id='full_slider_1'  class='avia-fullwidth-slider main_color avia-shadow   avia-builder-el-0  el_before_av_one_full  avia-builder-el-first   container_wrap fullsize'  ><div  class='avia-slideshow av-ljpc22no-b0c409f12dcf59d85d7cf6111d82fd10 avia-slideshow-featured av_slideshow_full avia-slide-slider av-slideshow-ui av-control-default av-slideshow-manual av-loop-once av-loop-manual-endless av-default-height-applied   avia-slideshow-1' data-slideshow-options=\"{&quot;animation&quot;:&quot;slide&quot;,&quot;autoplay&quot;:false,&quot;loop_autoplay&quot;:&quot;once&quot;,&quot;interval&quot;:5,&quot;loop_manual&quot;:&quot;manual-endless&quot;,&quot;autoplay_stopper&quot;:false,&quot;noNavigation&quot;:false,&quot;bg_slider&quot;:false,&quot;keep_padding&quot;:false,&quot;hoverpause&quot;:false,&quot;show_slide_delay&quot;:0}\"  itemprop=\"image\" itemscope=\"itemscope\" itemtype=\"https:\/\/schema.org\/ImageObject\" ><ul class='avia-slideshow-inner ' style='padding-bottom: 27.892561983471%;'><li  class='avia-slideshow-slide av-ljpc22no-b0c409f12dcf59d85d7cf6111d82fd10__0  av-single-slide slide-1 slide-odd'><div data-rel='slideshow-1' class='avia-slide-wrap '   ><img decoding=\"async\" fetchpriority=\"high\" class=\"wp-image-235 avia-img-lazy-loading-not-235\"  src=\"https:\/\/jakadofsky.com\/wp-content\/uploads\/2023\/07\/Kopf4.png\" width=\"968\" height=\"270\" title='Kopf4' alt=''  itemprop=\"thumbnailUrl\" srcset=\"https:\/\/jakadofsky.com\/wp-content\/uploads\/2023\/07\/Kopf4.png 968w, https:\/\/jakadofsky.com\/wp-content\/uploads\/2023\/07\/Kopf4-300x84.png 300w, https:\/\/jakadofsky.com\/wp-content\/uploads\/2023\/07\/Kopf4-768x214.png 768w, https:\/\/jakadofsky.com\/wp-content\/uploads\/2023\/07\/Kopf4-705x197.png 705w\" sizes=\"(max-width: 968px) 100vw, 968px\" \/><\/div><\/li><\/ul><\/div><\/div><div id='after_full_slider_1'  class='main_color av_default_container_wrap container_wrap fullsize'  ><div class='container av-section-cont-open' ><div class='template-page content  av-content-full alpha units'><div class='post-entry post-entry-type-page post-entry-303'><div class='entry-content-wrapper clearfix'>\n<div  class='flex_column av-3blco-8ddd6b4d78de918a528ca3841c28a4fa av_one_full  avia-builder-el-1  el_after_av_slideshow_full  avia-builder-el-no-sibling  first flex_column_div  '     ><p>\n<style type=\"text\/css\" data-created_by=\"avia_inline_auto\" id=\"style-css-av-ljpo9226-552a0bade3ec8f7782cd216f291b1332\">\n#top .av-special-heading.av-ljpo9226-552a0bade3ec8f7782cd216f291b1332{\npadding-bottom:10px;\n}\nbody .av-special-heading.av-ljpo9226-552a0bade3ec8f7782cd216f291b1332 .av-special-heading-tag .heading-char{\nfont-size:25px;\n}\n.av-special-heading.av-ljpo9226-552a0bade3ec8f7782cd216f291b1332 .av-subheading{\nfont-size:15px;\n}\n<\/style>\n<div  class='av-special-heading av-ljpo9226-552a0bade3ec8f7782cd216f291b1332 av-special-heading-h1 blockquote modern-quote  avia-builder-el-2  el_before_av_textblock  avia-builder-el-first '><h1 class='av-special-heading-tag '  itemprop=\"headline\"  >Press<\/h1><div class=\"special-heading-border\"><div class=\"special-heading-inner-border\"><\/div><\/div><\/div><br \/>\n<section  class='av_textblock_section av-10lu6-b5cefa481e2676c190ee6c0f4d354cc3 '   itemscope=\"itemscope\" itemtype=\"https:\/\/schema.org\/CreativeWork\" ><div class='avia_textblock'  itemprop=\"text\" ><p><img loading=\"lazy\" decoding=\"async\" class=\"alignnone size-full wp-image-204\" src=\"https:\/\/jakadofsky.com\/wp-content\/uploads\/2023\/07\/Key-West-Citizen-Article_komp.jpg\" alt=\"\" width=\"680\" height=\"600\" srcset=\"https:\/\/jakadofsky.com\/wp-content\/uploads\/2023\/07\/Key-West-Citizen-Article_komp.jpg 680w, https:\/\/jakadofsky.com\/wp-content\/uploads\/2023\/07\/Key-West-Citizen-Article_komp-300x265.jpg 300w\" sizes=\"auto, (max-width: 680px) 100vw, 680px\" \/><\/p>\n<p><em>Mai 2013:\u00a0Jakadofsky UAV goes offshore<\/em><\/p>\n<h3 class=\"press\"><strong>Erfolgsstory<\/strong><\/h3>\n<p class=\"press\">22.02.2008<br \/>\n<strong>Wenn der Strom ausf\u00e4llt, dreht N\u00d6 Spezialfirma den Saft auf<\/strong><\/p>\n<p class=\"press\">An einer bemerkenswerten technischen Entwicklung, die die Katastrophenhilfe nach Stromausf\u00e4llen wesentlich effizienter als bisher machen soll, arbeitet zur Zeit die Firma\u00a0<strong>Jakadofsky<\/strong>\u00a0aus Kottingbrunn im Bezirk Baden: Das Unternehmen baut f\u00fcr den Antrieb von Notstromaggregaten spezielle Gasturbinen mit integriertem Getriebe. &#8220;Herk\u00f6mmliche Notstromaggregate arbeiten mit Kolbenmotoren und wiegen bis zu 200 Kilogramm. Verwendet man aber Turbinen, bei denen das Getriebe bereits eingebaut ist, reduziert sich das Gewicht der Ger\u00e4te auf rund 25 Kilo&#8221;, berichtet\u00a0<strong>Firmenchef Peter Jakadofsky<\/strong>\u00a0im Gespr\u00e4ch mit dem N\u00d6 Wirtschaftspressedienst.<\/p>\n<p class=\"press\">Im Ernstfall haben\u00a0<strong>leichtere Notstromaggregate<\/strong>\u00a0den entscheidenden Vorteil, dass die Einsatzkr\u00e4fte, wie z.B. Feuerwehr, Rettung oder Versorgungsmannschaften, sie wesentlich schneller vor Ort bringen und in Betrieb nehmen k\u00f6nnen. Denn: &#8220;Es macht einen gewaltigen Unterschied, ob man ein Ger\u00e4t schwer wie einen Sarg in unwegsames Gel\u00e4nde schleppen muss, oder aber es\u00a0<strong>bequem wie einen Rucksack<\/strong>\u00a0tragen kann&#8221;, erkl\u00e4rt Jakadofsky. Gerade bei Naturkatastrophen, wie Hochwasser oder starken St\u00fcrmen, in deren Folge Hochspannungsleitungen besch\u00e4digt werden und die Stromversorgung unterbrochen ist, sei es enorm wichtig, die ben\u00f6tigte Elektrizit\u00e4t so rasch wie m\u00f6glich wieder verf\u00fcgbar zu haben.<\/p>\n<p class=\"press\">Peter Jakadofsky war bis 2003 Linienpilot bei Austrian Airlines. Schon aus dieser Zeit stammt sein umfangreiches Know-how aus dem Bereich der Turbinentechnik. Mit seiner Erfindung der\u00a0<strong>&#8220;Gasturbine mit integriertem Getriebe&#8221;<\/strong>, die er auch als\u00a0<strong>Patent<\/strong>\u00a0angemeldet hat, machte er sich mit einer eigenen Firma in Kottingbrunn selbst\u00e4ndig. Jetzt will Jakadofsky die Gasturbinen f\u00fcr Notstromaggregate zur Serienreife bringen.<\/p>\n<p class=\"press\">&#8220;Das Projekt ist auf drei Jahre ausgelegt, hat ein Finanzierungsvolumen von einer Million Euro und wird von der\u00a0<strong>\u00d6sterreichischen Forschungsf\u00f6rderungsgesellschaft<\/strong>\u00a0sowie dem\u00a0<strong>Wirtschaftsf\u00f6rderungsfonds des Landes Nieder\u00f6sterreich<\/strong>\u00a0unterst\u00fctzt&#8221;, teilt Jakadofsky mit. Wenn die Pilotphase abgeschlossen ist, m\u00f6chte sein Unternehmen ab Ende 2009 gemeinsam mit der St. P\u00f6ltner Spezialfirma Fr\u00fchauf Electric die Serienfertigung aufnehmen. &#8220;2010 planen wir 500 St\u00fcck pro Jahr, sp\u00e4ter bis zu 1.000. F\u00fcr die Produktion suchen wir noch weitere Partnerbetriebe&#8221;, so Jakadofsky.<\/p>\n<p class=\"press\">Das\u00a0<strong>Kottingbrunner Unternehmen<\/strong>\u00a0besch\u00e4ftigt sich &#8220;mit allem, was mit Gasturbinen zu tun hat&#8221;. So erledigt die Firma Jakadofsky u.a. die Wartungsarbeiten an den franz\u00f6sischen\u00a0<strong>Eurocopter-Hubschraubern &#8220;Alouette&#8221;<\/strong>\u00a0und produziert j\u00e4hrlich \u00fcber 100 kleine\u00a0<strong>Wellenleistungs-Gasturbinen<\/strong>\u00a0f\u00fcr\u00a0<strong>Modellflugtriebwerke<\/strong>, vor allem zu Schul-, Studien- und Forschungszwecken. Jakadofsky besch\u00e4ftigt nur drei Mitarbeiter, unterh\u00e4lt aber Niederlassungen in Deutschland, der Schweiz, den Niederlanden, Japan und im US-Bundesstaat Kalifornien. (<em>mm<\/em>)<\/p>\n<p class=\"press\"><em>Quelle: Wirtschaftspressedienst\u00a0<a href=\"http:\/\/www.loweraustria.biz\/\">www.loweraustria.biz<\/a><\/em><\/p>\n<hr \/>\n<p><img loading=\"lazy\" decoding=\"async\" class=\"alignnone size-full wp-image-205\" src=\"https:\/\/jakadofsky.com\/wp-content\/uploads\/2023\/07\/presse_triebwerk.jpg\" alt=\"\" width=\"550\" height=\"372\" srcset=\"https:\/\/jakadofsky.com\/wp-content\/uploads\/2023\/07\/presse_triebwerk.jpg 550w, https:\/\/jakadofsky.com\/wp-content\/uploads\/2023\/07\/presse_triebwerk-300x203.jpg 300w\" sizes=\"auto, (max-width: 550px) 100vw, 550px\" \/><\/p>\n<p><em>April 2007:\u00a0Pressemitteilung Technologie &#038; Innovationspartner<\/em><\/p>\n<hr \/>\n<p><img loading=\"lazy\" decoding=\"async\" class=\"alignnone size-full wp-image-203\" src=\"https:\/\/jakadofsky.com\/wp-content\/uploads\/2023\/07\/jakadofsky_innovationspreis.jpg\" alt=\"\" width=\"550\" height=\"371\" srcset=\"https:\/\/jakadofsky.com\/wp-content\/uploads\/2023\/07\/jakadofsky_innovationspreis.jpg 550w, https:\/\/jakadofsky.com\/wp-content\/uploads\/2023\/07\/jakadofsky_innovationspreis-300x202.jpg 300w\" sizes=\"auto, (max-width: 550px) 100vw, 550px\" \/><\/p>\n<p><em>Oktober 2006: Pr\u00e4sidentin Sonja Zwazl, Wirtschaftskammer N\u00d6, \u00fcberreicht Peter Jakadofsky den Preis \u201eKreativ in die Zukunft\u201c f\u00fcr seinen innovativen Turbinenmotor<\/em><\/p>\n<\/div><\/section><\/p><\/div>\n","protected":false},"excerpt":{"rendered":"","protected":false},"author":2,"featured_media":235,"parent":0,"menu_order":0,"comment_status":"closed","ping_status":"closed","template":"","meta":{"footnotes":""},"class_list":["post-303","page","type-page","status-publish","has-post-thumbnail","hentry"],"_links":{"self":[{"href":"https:\/\/jakadofsky.com\/en\/wp-json\/wp\/v2\/pages\/303","targetHints":{"allow":["GET"]}}],"collection":[{"href":"https:\/\/jakadofsky.com\/en\/wp-json\/wp\/v2\/pages"}],"about":[{"href":"https:\/\/jakadofsky.com\/en\/wp-json\/wp\/v2\/types\/page"}],"author":[{"embeddable":true,"href":"https:\/\/jakadofsky.com\/en\/wp-json\/wp\/v2\/users\/2"}],"replies":[{"embeddable":true,"href":"https:\/\/jakadofsky.com\/en\/wp-json\/wp\/v2\/comments?post=303"}],"version-history":[{"count":0,"href":"https:\/\/jakadofsky.com\/en\/wp-json\/wp\/v2\/pages\/303\/revisions"}],"wp:featuredmedia":[{"embeddable":true,"href":"https:\/\/jakadofsky.com\/en\/wp-json\/wp\/v2\/media\/235"}],"wp:attachment":[{"href":"https:\/\/jakadofsky.com\/en\/wp-json\/wp\/v2\/media?parent=303"}],"curies":[{"name":"wp","href":"https:\/\/api.w.org\/{rel}","templated":true}]}}